{"id":254,"date":"2020-10-21T19:57:12","date_gmt":"2020-10-21T19:57:12","guid":{"rendered":"https:\/\/compagniateatroa.it\/?page_id=254"},"modified":"2020-10-21T20:13:56","modified_gmt":"2020-10-21T20:13:56","slug":"normativa-sulla-privacy","status":"publish","type":"page","link":"https:\/\/compagniateatroa.it\/index.php\/normativa-sulla-privacy\/","title":{"rendered":"Normativa sulla privacy"},"content":{"rendered":"\n<p>Informativa ai sensi dell\u2019art. 13 del Codice della Privacy Ai sensi dell\u2019articolo 13 del codice della D.Lgs. 196\/2003, vi rendiamo le seguenti informazioni. Noi di <a href=\"http:\/\/compagniateatroa.it\" target=\"_blank\" rel=\"noreferrer noopener\">compagniateatroa.it <\/a>riteniamo che la privacy dei nostri visitatori sia estremamente importante. Questo documento descrive dettagliatamente i tipi di informazioni personali raccolti e registrati dal nostro sito e come essi vengano utilizzati.<\/p>\n\n\n\n<p><strong>FILE DI REGISTRAZIONE (Log Files)<\/strong> <\/p>\n\n\n\n<p>Come molti altri siti web, il nostro utilizza file di log. Questi file registrano semplicemente i visitatori del sito \u2013 di solito una procedura standard delle aziende di hosting e dei servizi di analisi degli hosting. Le informazioni contenute nei file di registro comprendono indirizzi di protocollo Internet (IP), il tipo di browser, Internet Service Provider (ISP), informazioni come data e ora, pagine referral, pagine d\u2019uscita ed entrata o il numero di clic. Queste informazioni vengono utilizzate per analizzare le tendenze, amministrare il sito, monitorare il movimento degli utenti sul sito e raccogliere informazioni demografiche. Gli indirizzi IP e le altre informazioni non sono collegate a informazioni personali che possono essere identificate, dunque <strong>tutti i dati sono raccolti in forma assolutamente anonima<\/strong>.<\/p>\n\n\n\n<p><strong>QUESTO SITO WEB UTILIZZA I COOKIES<\/strong><\/p>\n\n\n\n<p>I cookies sono piccoli file di testo che vengono automaticamente posizionati sul PC del navigatore all\u2019interno del browser. Essi contengono informazioni di base sulla navigazione in Internet e grazie al browser vengono riconosciuti ogni volta che l\u2019utente visita il sito.<\/p>\n\n\n\n<p><strong>Cookie Policy&nbsp;<\/strong>&nbsp;&#8211; Questo sito utilizza cookies, anche di terze parti, per migliorarne l\u2019esperienza di navigazione, consentire a chi naviga di usufruire di eventuali servizi online e monitorare la navigazione nel sito.<\/p>\n\n\n\n<p><strong>Come disabilitare i Cookies &#8211;&nbsp;<\/strong>E\u2019 possibile disabilitare i cookies direttamente dal browser utilizzato, accedendo alle impostazioni (preferenze oppure opzioni): questa scelta potrebbe limitare alcune funzionalit\u00e0 di navigazione del sito.<\/p>\n\n\n\n<p><strong>Gestione dei cookies<\/strong> &#8211; I cookies utilizzati in questo sito possono rientrare nelle categorie descritte di seguito. <\/p>\n\n\n\n<ul class=\"wp-block-list\"><li><strong>Attivit\u00e0 strettamente necessarie al funzionamento <\/strong>&#8211;\u00a0Questi cookies hanno natura tecnica e permettono al sito di funzionare correttamente. Ad esempio, mantengono l\u2019utente collegato durante la navigazione evitando che il sito richieda di collegarsi pi\u00f9 volte per accedere alle pagine successive. <\/li><li><strong>Attivit\u00e0 di salvataggio delle preferenze <\/strong>&#8211;\u00a0Questi cookie permettono di ricordare le preferenze selezionate dall\u2019utente durante la navigazione, ad esempio, consentono di impostare la lingua. <\/li><li><strong>Attivit\u00e0 Statistiche e di Misurazione dell\u2019audience <\/strong>(es: Google Analytics) &#8211; Questi cookie ci aiutano a capire, attraverso dati raccolti in forma anonima e aggregata, come gli utenti interagiscono con i siti internet fornendo informazioni relative alle sezioni visitate, il tempo trascorso sul sito, eventuali malfunzionamenti. Questo aiuta a migliorare la resa dei siti internet.\u00a0 <\/li><li><strong>Cookie di social media <\/strong>(es: Facebook) &#8211; Questi cookie di terza parte vengono utilizzati per integrare alcune diffuse funzionalit\u00e0 dei principali social media e fornirle all\u2019interno del sito. In particolare permettono la registrazione e l\u2019autenticazione sul sito tramite facebook e google connect, la condivisione e i commenti di pagine del sito sui social media, abilitano le funzionalit\u00e0 del \u201cmi piace\u201d su Facebook e del \u201c+1\u2033 su G+.<\/li><\/ul>\n\n\n\n<p><strong>FORNITORI DI TERZE PARTI<\/strong><\/p>\n\n\n\n<p>I fornitori di terze parti, tra cui Google, utilizzano cookie per pubblicare annunci in base alle precedenti visite di un utente su questo sito. L\u2019utilizzo dei cookie per la pubblicit\u00e0 consente a Google e ai suoi partner di pubblicare annunci per gli utenti di questo sito (e su altri siti) in base ai dati statistici raccolti su questo sito e sui siti web dei partner Google. <\/p>\n\n\n\n<p>Gli utenti possono scegliere di disattivare la pubblicit\u00e0 personalizzata, visitando la pagina Impostazioni annunci. Visitando la pagina<a href=\"http:\/\/www.aboutads.info\" target=\"_blank\" rel=\"noreferrer noopener\"> www.aboutads.info <\/a>potrai disattivare i cookies dei fornitori di terze parti.&nbsp; <\/p>\n\n\n\n<p><strong>I nostri partner pubblicitari <\/strong>&#8211;&nbsp;Alcuni dei nostri partner pubblicitari possono utilizzare i cookies sul nostro sito per raccogliere dati sulla navigazione degli utenti in forma anonima. Tra i nostri partner pubblicitari figurano: Amazon, Ebay. Gli annunci dei fornitori terze parti gestiscono reti pubblicitarie che utilizzano la tecnologia dei cookies nei rispettivi annunci e nei link che appaiono sul nostro sito. Gli annunci vengono cos\u00ec inviati direttamente al tuo browser. Riceveranno automaticamente il tuo indirizzo IP.&nbsp; Altre tecnologie (come i cookie o JavaScript) possono anche essere utilizzati dalle reti pubblicitarie di terze parti del nostro sito per misurare l\u2019efficacia delle loro campagne pubblicitarie e\/o personalizzare i contenuti pubblicitari che vedete sul sito. <strong>Il nostro sito non ha accesso o non controlla questi cookie utilizzati da inserzionisti di terze parti<\/strong>.<\/p>\n\n\n\n<p><strong>NORME SULLA PRIVACY DI TERZE PARTI<\/strong><\/p>\n\n\n\n<p>\u00c8 necessario consultare le rispettive norme sulla privacy di questi server di terze parti per ulteriori informazioni sulle loro pratiche e per istruzioni su come disattivare alcune pratiche. La nostra politica sulla privacy non si applica ai fornitori di terze parti ed ai partner pubblicitari, e non possiamo controllare le attivit\u00e0 di tali altri inserzionisti o siti web. Se desideri disattivare i cookie, puoi farlo attraverso le tue singole opzioni del browser. Ulteriori informazioni sulla gestione dei cookie con browser web specifico possono essere trovati nei rispettivi siti web dei browser Soggetti a cui dati potranno essere comunicati i dati personali <\/p>\n\n\n\n<p><strong>I commenti dei fruitori del sito Compagnia Teatro &#8220;A&#8221; sono bloccati. <\/strong><\/p>\n\n\n\n<p><em>Per esercitare i diritti previsti all\u2019art. 7 del Codice della Privacy ovvero per la cancellazione dei vostri dati dall\u2019archivio, dichiaramo che non raccogliamo dati sensibili, n\u00e9 li forniamo a societ\u00e0 e societ\u00e0 e imprese per usi di direct mailing o attivit\u00e0 analoghe . <\/em><\/p>\n\n\n\n<p><strong>INFORMAZIONI PER I MINORI<\/strong><\/p>\n\n\n\n<p><strong>Noi non raccogliamo dati personali di minori<\/strong>. Se un genitore o un tutore crede che il nostro sito abbia nel suo database le informazioni personali di un bambino, vi preghiamo di contattarci immediatamente (utilizzando la mail fornita) e faremo di tutto per rimuovere tali informazioni il pi\u00f9 presto possibile. <\/p>\n\n\n\n<p><strong>CONSENSO<\/strong><\/p>\n\n\n\n<p>Questa politica sulla privacy si applica solo alle nostre attivit\u00e0 online ed \u00e8 valida per i visitatori del nostro sito web e per quanto riguarda le informazioni condivise e\/o raccolte. Questa politica non si applica a qualsiasi informazione raccolta in modalit\u00e0 offline o tramite canali diversi da questo sito web. <\/p>\n\n\n\n<p><strong>Usando il nostro sito web, acconsenti alla nostra politica sulla privacy e accetti i suoi termini. Se desideri ulteriori informazioni o hai domande sulla nostra politica sulla privacy non esitare a contattarci.<\/strong><\/p>\n","protected":false},"excerpt":{"rendered":"<p>Informativa ai sensi dell\u2019art. 13 del Codice della Privacy Ai sensi dell\u2019articolo 13 del codice della D.Lgs. 196\/2003, vi rendiamo<\/p>\n","protected":false},"author":1,"featured_media":264,"parent":0,"menu_order":0,"comment_status":"closed","ping_status":"closed","template":"","meta":{"colormag_page_container_layout":"default_layout","colormag_page_sidebar_layout":"default_layout","footnotes":""},"class_list":["post-254","page","type-page","status-publish","has-post-thumbnail","hentry"],"magazineBlocksPostFeaturedMedia":{"thumbnail":"https:\/\/compagniateatroa.it\/wp-content\/uploads\/2020\/10\/privacy800x445-150x150.jpg","medium":"https:\/\/compagniateatroa.it\/wp-content\/uploads\/2020\/10\/privacy800x445-300x167.jpg","medium_large":"https:\/\/compagniateatroa.it\/wp-content\/uploads\/2020\/10\/privacy800x445-768x427.jpg","large":"https:\/\/compagniateatroa.it\/wp-content\/uploads\/2020\/10\/privacy800x445.jpg","1536x1536":"https:\/\/compagniateatroa.it\/wp-content\/uploads\/2020\/10\/privacy800x445.jpg","2048x2048":"https:\/\/compagniateatroa.it\/wp-content\/uploads\/2020\/10\/privacy800x445.jpg","colormag-highlighted-post":"https:\/\/compagniateatroa.it\/wp-content\/uploads\/2020\/10\/privacy800x445-392x272.jpg","colormag-featured-post-medium":"https:\/\/compagniateatroa.it\/wp-content\/uploads\/2020\/10\/privacy800x445-390x205.jpg","colormag-featured-post-small":"https:\/\/compagniateatroa.it\/wp-content\/uploads\/2020\/10\/privacy800x445-130x90.jpg","colormag-featured-image":"https:\/\/compagniateatroa.it\/wp-content\/uploads\/2020\/10\/privacy800x445-800x445.jpg","colormag-default-news":"https:\/\/compagniateatroa.it\/wp-content\/uploads\/2020\/10\/privacy800x445.jpg","colormag-featured-image-large":"https:\/\/compagniateatroa.it\/wp-content\/uploads\/2020\/10\/privacy800x445.jpg"},"magazineBlocksPostAuthor":{"name":"redazione","avatar":"https:\/\/secure.gravatar.com\/avatar\/b1f140df1e8f4a59c43d6df80662849548526809facb91c1c91b4e3230890887?s=96&d=mm&r=g"},"magazineBlocksPostCommentsNumber":false,"magazineBlocksPostExcerpt":"Informativa ai sensi dell\u2019art. 13 del Codice della Privacy Ai sensi dell\u2019articolo 13 del codice della D.Lgs. 196\/2003, vi rendiamo","magazineBlocksPostCategories":[],"magazineBlocksPostViewCount":0,"magazineBlocksPostReadTime":6,"_links":{"self":[{"href":"https:\/\/compagniateatroa.it\/index.php\/wp-json\/wp\/v2\/pages\/254","targetHints":{"allow":["GET"]}}],"collection":[{"href":"https:\/\/compagniateatroa.it\/index.php\/wp-json\/wp\/v2\/pages"}],"about":[{"href":"https:\/\/compagniateatroa.it\/index.php\/wp-json\/wp\/v2\/types\/page"}],"author":[{"embeddable":true,"href":"https:\/\/compagniateatroa.it\/index.php\/wp-json\/wp\/v2\/users\/1"}],"replies":[{"embeddable":true,"href":"https:\/\/compagniateatroa.it\/index.php\/wp-json\/wp\/v2\/comments?post=254"}],"version-history":[{"count":10,"href":"https:\/\/compagniateatroa.it\/index.php\/wp-json\/wp\/v2\/pages\/254\/revisions"}],"predecessor-version":[{"id":268,"href":"https:\/\/compagniateatroa.it\/index.php\/wp-json\/wp\/v2\/pages\/254\/revisions\/268"}],"wp:featuredmedia":[{"embeddable":true,"href":"https:\/\/compagniateatroa.it\/index.php\/wp-json\/wp\/v2\/media\/264"}],"wp:attachment":[{"href":"https:\/\/compagniateatroa.it\/index.php\/wp-json\/wp\/v2\/media?parent=254"}],"curies":[{"name":"wp","href":"https:\/\/api.w.org\/{rel}","templated":true}]}}