{"id":245,"date":"2020-10-21T17:42:11","date_gmt":"2020-10-21T17:42:11","guid":{"rendered":"https:\/\/compagniateatroa.it\/?page_id=245"},"modified":"2024-01-08T17:18:48","modified_gmt":"2024-01-08T16:18:48","slug":"chi-siamo","status":"publish","type":"page","link":"https:\/\/compagniateatroa.it\/index.php\/chi-siamo\/","title":{"rendered":"Chi siamo"},"content":{"rendered":"\n<p>L\u2019 <strong>Associazione Ariadne &#8211; Teatro \u201cA\u201d<\/strong> \u00e8 l&#8217;ultimo atto di una compagnia teatrale storica che ha intrattenuto e affascinato per lunghi anni le platee italiane e non solo. Nasce nel 1969 a Catania nel Teatro Angelo Musco come \u201c<strong>La compagnia Sociale di Arnaldo Ninchi<\/strong>\u201d.&nbsp; <\/p>\n\n\n\n<p>Da importante compagnia privata di teatro e di prosa si trasforma, nel 2004, nell&#8217; <strong>Associazione culturale Ariadne<\/strong>, lasciando immutato, per\u00f2, l&#8217;animo stesso dell&#8217;impresa iniziale: l&#8217;emozione per il teatro e la grande attenzione per il proprio pubblico. <\/p>\n\n\n\n<p>Nel 2012, <strong>Arnaldo Ninchi<\/strong>, aveva invitato la regista <strong>Valeria Freiberg<\/strong> ad assumere il ruolo di direttore artistico della Compagnia Sociale Ariadne, inaugurando una fase creativa ricca e fruttuosa.<\/p>\n\n\n\n<p>Rispettando le tradizioni della Compagnia, Valeria Freiberg ha notevolmente <strong>rinnovato il repertorio, introducendo significative modifiche artistiche e un approccio personale ed olistico<\/strong> nell&#8217;interazione e nel lavoro con il pubblico.<\/p>\n\n\n\n<p>Il concetto creativo della Compagnia si \u00e8 focalizzato su contenuti dinamici, musicalit\u00e0, profondit\u00e0, missione educativa e intrattenimento. L&#8217;obiettivo \u00e8 quello di creare un teatro che funga da terreno fertile per la crescita e la formazione dei futuri spettatori, instillando interesse, rispetto e amore per il teatro e la cultura in generale.<\/p>\n\n\n\n<figure class=\"wp-block-image alignleft size-full is-resized\"><img loading=\"lazy\" decoding=\"async\" width=\"280\" height=\"280\" src=\"https:\/\/compagniateatroa.it\/wp-content\/uploads\/2023\/08\/black-e1692141967128.jpg\" alt=\"\" class=\"wp-image-1841\" style=\"width:146px;height:auto\"\/><\/figure>\n\n\n\n<p>Attualmente il <strong>repertorio della Compagnia Ariadne Teatro &#8220;A&#8221; conta oltre 15 spettacoli<\/strong> adatti a tutte le fasce d&#8217;et\u00e0: bambini, ragazzi e adulti. Inoltre, la Compagnia si distingue come uno <strong>spazio creativo e teatrale per l&#8217;intera famiglia<\/strong>, poich\u00e9 le produzioni classificate come &#8220;per bambini e ragazzi&#8221; risultano altrettanto coinvolgenti per i piccoli spettatori quanto per i loro genitori.<\/p>\n\n\n\n<p>Un elemento distintivo del ritratto creativo della Compagnia \u00e8 la <strong>natura multidisciplinare del repertorio<\/strong>, che include opere drammatiche, musicali con accompagnamento musicale dal vivo, produzioni con elementi di teatro, danza, opere basate sul curriculum e letture extrascolastiche e adattamenti di opere letterarie significative di autori nazionali e stranieri, volti ad ampliare l&#8217;orizzonte culturale dei giovani spettatori.<\/p>\n\n\n\n<p>La Compagnia Ariadne &#8211; Teatro &#8220;A&#8221; mantiene le <strong>gloriose tradizioni del teatro itinerante<\/strong> e opera su tutto il territorio regionale, non limitandosi ai palcoscenici di Roma. Negli ultimi anni, ha intensificato le tourn\u00e9e, la creazione e gestione di festival e rassegne teatrali, oltre all&#8217;attivit\u00e0 produttiva e allo sviluppo di progetti formativi.<\/p>\n\n\n\n<p>Lo slogan attuale della Compagnia \u00e8 &#8220;<strong>Vivere il teatro a 360 gradi!<\/strong>&#8220;.<\/p>\n\n\n\n<p><\/p>\n","protected":false},"excerpt":{"rendered":"<p>L\u2019 Associazione Ariadne &#8211; Teatro \u201cA\u201d \u00e8 l&#8217;ultimo atto di una compagnia teatrale storica che ha intrattenuto e affascinato per<\/p>\n","protected":false},"author":1,"featured_media":425,"parent":0,"menu_order":0,"comment_status":"closed","ping_status":"closed","template":"","meta":{"colormag_page_container_layout":"default_layout","colormag_page_sidebar_layout":"default_layout","footnotes":""},"class_list":["post-245","page","type-page","status-publish","has-post-thumbnail","hentry"],"magazineBlocksPostFeaturedMedia":{"thumbnail":"https:\/\/compagniateatroa.it\/wp-content\/uploads\/2020\/10\/cinema-4609877_1920-150x150.jpg","medium":"https:\/\/compagniateatroa.it\/wp-content\/uploads\/2020\/10\/cinema-4609877_1920-300x196.jpg","medium_large":"https:\/\/compagniateatroa.it\/wp-content\/uploads\/2020\/10\/cinema-4609877_1920-768x502.jpg","large":"https:\/\/compagniateatroa.it\/wp-content\/uploads\/2020\/10\/cinema-4609877_1920.jpg","1536x1536":"https:\/\/compagniateatroa.it\/wp-content\/uploads\/2020\/10\/cinema-4609877_1920.jpg","2048x2048":"https:\/\/compagniateatroa.it\/wp-content\/uploads\/2020\/10\/cinema-4609877_1920.jpg","colormag-highlighted-post":"https:\/\/compagniateatroa.it\/wp-content\/uploads\/2020\/10\/cinema-4609877_1920-392x272.jpg","colormag-featured-post-medium":"https:\/\/compagniateatroa.it\/wp-content\/uploads\/2020\/10\/cinema-4609877_1920-390x205.jpg","colormag-featured-post-small":"https:\/\/compagniateatroa.it\/wp-content\/uploads\/2020\/10\/cinema-4609877_1920-130x90.jpg","colormag-featured-image":"https:\/\/compagniateatroa.it\/wp-content\/uploads\/2020\/10\/cinema-4609877_1920-800x445.jpg","colormag-default-news":"https:\/\/compagniateatroa.it\/wp-content\/uploads\/2020\/10\/cinema-4609877_1920.jpg","colormag-featured-image-large":"https:\/\/compagniateatroa.it\/wp-content\/uploads\/2020\/10\/cinema-4609877_1920.jpg"},"magazineBlocksPostAuthor":{"name":"redazione","avatar":"https:\/\/secure.gravatar.com\/avatar\/b1f140df1e8f4a59c43d6df80662849548526809facb91c1c91b4e3230890887?s=96&d=mm&r=g"},"magazineBlocksPostCommentsNumber":false,"magazineBlocksPostExcerpt":"L\u2019 Associazione Ariadne &#8211; Teatro \u201cA\u201d \u00e8 l&#8217;ultimo atto di una compagnia teatrale storica che ha intrattenuto e affascinato per","magazineBlocksPostCategories":[],"magazineBlocksPostViewCount":0,"magazineBlocksPostReadTime":2,"_links":{"self":[{"href":"https:\/\/compagniateatroa.it\/index.php\/wp-json\/wp\/v2\/pages\/245","targetHints":{"allow":["GET"]}}],"collection":[{"href":"https:\/\/compagniateatroa.it\/index.php\/wp-json\/wp\/v2\/pages"}],"about":[{"href":"https:\/\/compagniateatroa.it\/index.php\/wp-json\/wp\/v2\/types\/page"}],"author":[{"embeddable":true,"href":"https:\/\/compagniateatroa.it\/index.php\/wp-json\/wp\/v2\/users\/1"}],"replies":[{"embeddable":true,"href":"https:\/\/compagniateatroa.it\/index.php\/wp-json\/wp\/v2\/comments?post=245"}],"version-history":[{"count":8,"href":"https:\/\/compagniateatroa.it\/index.php\/wp-json\/wp\/v2\/pages\/245\/revisions"}],"predecessor-version":[{"id":3026,"href":"https:\/\/compagniateatroa.it\/index.php\/wp-json\/wp\/v2\/pages\/245\/revisions\/3026"}],"wp:featuredmedia":[{"embeddable":true,"href":"https:\/\/compagniateatroa.it\/index.php\/wp-json\/wp\/v2\/media\/425"}],"wp:attachment":[{"href":"https:\/\/compagniateatroa.it\/index.php\/wp-json\/wp\/v2\/media?parent=245"}],"curies":[{"name":"wp","href":"https:\/\/api.w.org\/{rel}","templated":true}]}}